{"id":1496,"date":"2023-10-23T10:38:11","date_gmt":"2023-10-23T10:38:11","guid":{"rendered":"https:\/\/efedischools.com\/?page_id=1496"},"modified":"2023-10-24T08:58:39","modified_gmt":"2023-10-24T08:58:39","slug":"privacidad-fr","status":"publish","type":"page","link":"https:\/\/efedischools.com\/fr\/privacidad-fr\/","title":{"rendered":"Politica privacidad franc\u00e9s"},"content":{"rendered":"\t\t<div data-elementor-type=\"wp-page\" data-elementor-id=\"1496\" class=\"elementor elementor-1496\" data-elementor-post-type=\"page\">\n\t\t\t\t\t\t<section class=\"elementor-section elementor-top-section elementor-element elementor-element-7aaf68f elementor-section-boxed elementor-section-height-default elementor-section-height-default\" data-id=\"7aaf68f\" data-element_type=\"section\" data-e-type=\"section\">\n\t\t\t\t\t\t<div class=\"elementor-container elementor-column-gap-default\">\n\t\t\t\t\t<div class=\"elementor-column elementor-col-100 elementor-top-column elementor-element elementor-element-3a24b42\" data-id=\"3a24b42\" data-element_type=\"column\" data-e-type=\"column\">\n\t\t\t<div class=\"elementor-widget-wrap elementor-element-populated\">\n\t\t\t\t\t\t<div class=\"elementor-element elementor-element-39b6431 elementor-widget elementor-widget-text-editor\" data-id=\"39b6431\" data-element_type=\"widget\" data-e-type=\"widget\" data-widget_type=\"text-editor.default\">\n\t\t\t\t<div class=\"elementor-widget-container\">\n\t\t\t\t\t\t\t\t\t<p><strong>Politique de confidentialit\u00e9 de l&rsquo;EFEDI<\/strong><\/p><p>Chez EFEDI SCHOOLS, accessible depuis http:\/\/efedischools.com\/, l&rsquo;une de nos principales priorit\u00e9s est la confidentialit\u00e9 de nos visiteurs. Ce document de politique de confidentialit\u00e9 contient les types d\u2019informations collect\u00e9es et enregistr\u00e9es par EFEDI SCHOOLS et la mani\u00e8re dont nous les utilisons.<\/p><p>Si vous avez des questions suppl\u00e9mentaires ou avez besoin de plus d&rsquo;informations sur notre politique de confidentialit\u00e9, n&rsquo;h\u00e9sitez pas \u00e0 nous contacter.<\/p><p>Cette politique de confidentialit\u00e9 s&rsquo;applique uniquement \u00e0 nos activit\u00e9s en ligne et est valable pour les visiteurs de notre site Web en ce qui concerne les informations qu&rsquo;ils ont partag\u00e9es et\/ou collect\u00e9es dans EFEDI SCHOOLS. Cette politique ne s&rsquo;applique pas aux informations collect\u00e9es hors ligne ou via des canaux autres que ce site Web.<\/p><p><strong>Consentement<\/strong><\/p><p>En utilisant notre site Web, vous consentez par la pr\u00e9sente \u00e0 notre politique de confidentialit\u00e9 et acceptez ses conditions.<\/p><p>Informations que nous collectons<\/p><p>Les informations personnelles que vous \u00eates invit\u00e9 \u00e0 fournir, et les raisons pour lesquelles il vous est demand\u00e9 de les fournir, vous seront clairement indiqu\u00e9es au moment o\u00f9 nous vous demanderons de fournir vos informations personnelles.<\/p><p>Si vous nous contactez directement, nous pouvons recevoir des informations suppl\u00e9mentaires vous concernant, telles que votre nom, votre adresse e-mail, votre num\u00e9ro de t\u00e9l\u00e9phone, le contenu du message et\/ou des pi\u00e8ces jointes que vous pouvez nous envoyer, ainsi que toute autre information que vous pouvez choisir de fournir.<\/p><p>Lorsque vous cr\u00e9ez un compte, nous pouvons vous demander vos coordonn\u00e9es, y compris des \u00e9l\u00e9ments tels que votre nom, le nom de votre entreprise, votre adresse, votre adresse e-mail et votre num\u00e9ro de t\u00e9l\u00e9phone.<\/p><p><strong>Comment nous utilisons vos informations<\/strong><\/p><p>Nous utilisons les informations que nous collectons de diverses mani\u00e8res, notamment pour\u00a0:<\/p><p>Fournir, exploiter et entretenir notre site Web<br \/>Am\u00e9liorer, personnaliser et d\u00e9velopper notre site Web<br \/>Comprendre et analyser la fa\u00e7on dont vous utilisez notre site Web<br \/>D\u00e9velopper de nouveaux produits, services, fonctionnalit\u00e9s et fonctionnalit\u00e9s<br \/>Communiquer avec vous, soit directement, soit par l&rsquo;interm\u00e9diaire de l&rsquo;un de nos partenaires, notamment pour le service client, pour vous fournir des mises \u00e0 jour et autres informations relatives au site Internet, ainsi qu&rsquo;\u00e0 des fins de marketing et de promotion.<br \/>Vous envoyer des e-mails<br \/>D\u00e9tecter et pr\u00e9venir la fraude<br \/>Fichiers journaux<\/p><p>EFEDI SCHOOLS suit une proc\u00e9dure standard d\u2019utilisation des fichiers journaux. Ces fichiers enregistrent les visiteurs lorsqu&rsquo;ils visitent des sites Web. Toutes les soci\u00e9t\u00e9s d&rsquo;h\u00e9bergement le font ainsi qu&rsquo;une partie des analyses des services d&rsquo;h\u00e9bergement. Les informations collect\u00e9es par les fichiers journaux incluent les adresses de protocole Internet (IP), le type de navigateur, le fournisseur d&rsquo;acc\u00e8s Internet (FAI), la date et l&rsquo;heure, les pages de r\u00e9f\u00e9rence\/de sortie et \u00e9ventuellement le nombre de clics. Ceux-ci ne sont li\u00e9s \u00e0 aucune information personnellement identifiable. Le but de ces informations est d&rsquo;analyser les tendances, d&rsquo;administrer le site, de suivre les mouvements des utilisateurs sur le site Web et de recueillir des informations d\u00e9mographiques.<\/p><p><strong>Cookies et balises Web<\/strong><\/p><p>Comme tout autre site Internet, EFEDI SCHOOLS utilise des \u00ab cookies \u00bb. Ces cookies sont utilis\u00e9s pour stocker des informations, notamment les pr\u00e9f\u00e9rences des visiteurs et les pages du site Web auxquelles le visiteur a acc\u00e9d\u00e9 ou visit\u00e9. Les informations sont utilis\u00e9es pour optimiser l&rsquo;exp\u00e9rience des utilisateurs en personnalisant le contenu de notre page Web en fonction du type de navigateur des visiteurs et\/ou d&rsquo;autres informations.<\/p><p><strong>Politiques de confidentialit\u00e9 des partenaires publicitaires<\/strong><\/p><p>Vous pouvez consulter cette liste pour retrouver la Politique de Confidentialit\u00e9 de chacun des partenaires publicitaires d&rsquo;EFEDI SCHOOLS.<\/p><p>Les serveurs publicitaires ou r\u00e9seaux publicitaires tiers utilisent des technologies telles que les cookies, JavaScript ou les balises Web qui sont utilis\u00e9es dans leurs publicit\u00e9s respectives et les liens qui apparaissent sur EFEDI SCHOOLS, qui sont envoy\u00e9s directement au navigateur des utilisateurs. Ils re\u00e7oivent automatiquement votre adresse IP lorsque cela se produit. Ces technologies sont utilis\u00e9es pour mesurer l&rsquo;efficacit\u00e9 de leurs campagnes publicitaires et\/ou pour personnaliser le contenu publicitaire que vous voyez sur les sites Web que vous visitez.<\/p><p>Notez qu\u2019EFEDI SCHOOLS n\u2019a aucun acc\u00e8s ni contr\u00f4le sur ces cookies qui sont utilis\u00e9s par des annonceurs tiers.<\/p><p><strong>Politiques de confidentialit\u00e9 des tiers<\/strong><\/p><p>La Politique de Confidentialit\u00e9 d&rsquo;EFEDI SCHOOLS ne s&rsquo;applique pas aux autres annonceurs ou sites Internet. Ainsi, nous vous conseillons de consulter les politiques de confidentialit\u00e9 respectives de ces serveurs publicitaires tiers pour des informations plus d\u00e9taill\u00e9es. Il peut inclure leurs pratiques et instructions sur la mani\u00e8re de se d\u00e9sinscrire de certaines options.<\/p><p>Vous pouvez choisir de d\u00e9sactiver les cookies via les options de votre navigateur individuel. Pour conna\u00eetre des informations plus d\u00e9taill\u00e9es sur la gestion des cookies avec des navigateurs Web sp\u00e9cifiques, elles peuvent \u00eatre trouv\u00e9es sur les sites Web respectifs des navigateurs.<\/p><p>Droits de confidentialit\u00e9 CCPA (Ne pas vendre mes informations personnelles)<\/p><p>En vertu du CCPA, entre autres droits, les consommateurs californiens ont le droit de\u00a0:<\/p><p>Demander \u00e0 une entreprise qui collecte les donn\u00e9es personnelles d&rsquo;un consommateur de divulguer les cat\u00e9gories et les \u00e9l\u00e9ments sp\u00e9cifiques de donn\u00e9es personnelles qu&rsquo;une entreprise a collect\u00e9es sur les consommateurs.<\/p><p>Demander \u00e0 une entreprise de supprimer toutes les donn\u00e9es personnelles sur le consommateur qu&rsquo;elle a collect\u00e9es.<\/p><p>Demander qu&rsquo;une entreprise qui vend les donn\u00e9es personnelles d&rsquo;un consommateur ne vende pas les donn\u00e9es personnelles du consommateur.<\/p><p>Si vous faites une demande, nous avons un mois pour vous r\u00e9pondre. Si vous souhaitez exercer l\u2019un de ces droits, veuillez nous contacter.<\/p><p><strong>Droits de protection des donn\u00e9es RGPD<\/strong><\/p><p>Nous souhaitons nous assurer que vous \u00eates pleinement conscient de tous vos droits en mati\u00e8re de protection des donn\u00e9es.<\/p>\t\t\t\t\t\t\t\t<\/div>\n\t\t\t\t<\/div>\n\t\t\t\t\t<\/div>\n\t\t<\/div>\n\t\t\t\t\t<\/div>\n\t\t<\/section>\n\t\t\t\t<\/div>\n\t\t","protected":false},"excerpt":{"rendered":"<p>Politique de confidentialit\u00e9 de l&rsquo;EFEDI Chez EFEDI SCHOOLS, accessible depuis http:\/\/efedischools.com\/, l&rsquo;une de nos principales priorit\u00e9s est la confidentialit\u00e9 de nos visiteurs. Ce document de politique de confidentialit\u00e9 contient les types d\u2019informations collect\u00e9es et enregistr\u00e9es par EFEDI SCHOOLS et la mani\u00e8re dont nous les utilisons. Si vous avez des questions suppl\u00e9mentaires ou avez besoin de [&hellip;]<\/p>\n","protected":false},"author":1,"featured_media":0,"parent":0,"menu_order":0,"comment_status":"closed","ping_status":"closed","template":"","meta":{"footnotes":""},"class_list":["post-1496","page","type-page","status-publish","hentry"],"yoast_head":"<!-- This site is optimized with the Yoast SEO plugin v27.0 - https:\/\/yoast.com\/product\/yoast-seo-wordpress\/ -->\n<title>Politica privacidad franc\u00e9s - EFEDI SCHOOLS<\/title>\n<meta name=\"robots\" content=\"index, follow, max-snippet:-1, max-image-preview:large, max-video-preview:-1\" \/>\n<link rel=\"canonical\" href=\"https:\/\/efedischools.com\/privacy-policy\/\" \/>\n<meta property=\"og:locale\" content=\"fr_FR\" \/>\n<meta property=\"og:type\" content=\"article\" \/>\n<meta property=\"og:title\" content=\"Politica privacidad franc\u00e9s - EFEDI SCHOOLS\" \/>\n<meta property=\"og:description\" content=\"Politique de confidentialit\u00e9 de l&rsquo;EFEDI Chez EFEDI SCHOOLS, accessible depuis http:\/\/efedischools.com\/, l&rsquo;une de nos principales priorit\u00e9s est la confidentialit\u00e9 de nos visiteurs. Ce document de politique de confidentialit\u00e9 contient les types d\u2019informations collect\u00e9es et enregistr\u00e9es par EFEDI SCHOOLS et la mani\u00e8re dont nous les utilisons. Si vous avez des questions suppl\u00e9mentaires ou avez besoin de [&hellip;]\" \/>\n<meta property=\"og:url\" content=\"https:\/\/efedischools.com\/privacy-policy\/\" \/>\n<meta property=\"og:site_name\" content=\"EFEDI SCHOOLS\" \/>\n<meta property=\"article:modified_time\" content=\"2023-10-24T08:58:39+00:00\" \/>\n<meta name=\"twitter:card\" content=\"summary_large_image\" \/>\n<meta name=\"twitter:label1\" content=\"Dur\u00e9e de lecture estim\u00e9e\" \/>\n\t<meta name=\"twitter:data1\" content=\"5 minutes\" \/>\n<script type=\"application\/ld+json\" class=\"yoast-schema-graph\">{\"@context\":\"https:\/\/schema.org\",\"@graph\":[{\"@type\":\"WebPage\",\"@id\":\"https:\/\/efedischools.com\/privacy-policy\/\",\"url\":\"https:\/\/efedischools.com\/privacy-policy\/\",\"name\":\"Politica privacidad franc\u00e9s - EFEDI SCHOOLS\",\"isPartOf\":{\"@id\":\"https:\/\/efedischools.com\/#website\"},\"datePublished\":\"2023-10-23T10:38:11+00:00\",\"dateModified\":\"2023-10-24T08:58:39+00:00\",\"breadcrumb\":{\"@id\":\"https:\/\/efedischools.com\/privacy-policy\/#breadcrumb\"},\"inLanguage\":\"fr-FR\",\"potentialAction\":[{\"@type\":\"ReadAction\",\"target\":[\"https:\/\/efedischools.com\/privacy-policy\/\"]}]},{\"@type\":\"BreadcrumbList\",\"@id\":\"https:\/\/efedischools.com\/privacy-policy\/#breadcrumb\",\"itemListElement\":[{\"@type\":\"ListItem\",\"position\":1,\"name\":\"Home\",\"item\":\"https:\/\/efedischools.com\/\"},{\"@type\":\"ListItem\",\"position\":2,\"name\":\"Politica privacidad franc\u00e9s\"}]},{\"@type\":\"WebSite\",\"@id\":\"https:\/\/efedischools.com\/#website\",\"url\":\"https:\/\/efedischools.com\/\",\"name\":\"EFEDI SCHOOLS\",\"description\":\"\",\"publisher\":{\"@id\":\"https:\/\/efedischools.com\/#organization\"},\"potentialAction\":[{\"@type\":\"SearchAction\",\"target\":{\"@type\":\"EntryPoint\",\"urlTemplate\":\"https:\/\/efedischools.com\/?s={search_term_string}\"},\"query-input\":{\"@type\":\"PropertyValueSpecification\",\"valueRequired\":true,\"valueName\":\"search_term_string\"}}],\"inLanguage\":\"fr-FR\"},{\"@type\":\"Organization\",\"@id\":\"https:\/\/efedischools.com\/#organization\",\"name\":\"EFEDI SCHOOLS\",\"url\":\"https:\/\/efedischools.com\/\",\"logo\":{\"@type\":\"ImageObject\",\"inLanguage\":\"fr-FR\",\"@id\":\"https:\/\/efedischools.com\/#\/schema\/logo\/image\/\",\"url\":\"https:\/\/efedischools.com\/wp-content\/uploads\/2019\/08\/LOGO-EFEDI.png\",\"contentUrl\":\"https:\/\/efedischools.com\/wp-content\/uploads\/2019\/08\/LOGO-EFEDI.png\",\"width\":559,\"height\":286,\"caption\":\"EFEDI SCHOOLS\"},\"image\":{\"@id\":\"https:\/\/efedischools.com\/#\/schema\/logo\/image\/\"}}]}<\/script>\n<!-- \/ Yoast SEO plugin. -->","yoast_head_json":{"title":"Politica privacidad franc\u00e9s - EFEDI SCHOOLS","robots":{"index":"index","follow":"follow","max-snippet":"max-snippet:-1","max-image-preview":"max-image-preview:large","max-video-preview":"max-video-preview:-1"},"canonical":"https:\/\/efedischools.com\/privacy-policy\/","og_locale":"fr_FR","og_type":"article","og_title":"Politica privacidad franc\u00e9s - EFEDI SCHOOLS","og_description":"Politique de confidentialit\u00e9 de l&rsquo;EFEDI Chez EFEDI SCHOOLS, accessible depuis http:\/\/efedischools.com\/, l&rsquo;une de nos principales priorit\u00e9s est la confidentialit\u00e9 de nos visiteurs. Ce document de politique de confidentialit\u00e9 contient les types d\u2019informations collect\u00e9es et enregistr\u00e9es par EFEDI SCHOOLS et la mani\u00e8re dont nous les utilisons. Si vous avez des questions suppl\u00e9mentaires ou avez besoin de [&hellip;]","og_url":"https:\/\/efedischools.com\/privacy-policy\/","og_site_name":"EFEDI SCHOOLS","article_modified_time":"2023-10-24T08:58:39+00:00","twitter_card":"summary_large_image","twitter_misc":{"Dur\u00e9e de lecture estim\u00e9e":"5 minutes"},"schema":{"@context":"https:\/\/schema.org","@graph":[{"@type":"WebPage","@id":"https:\/\/efedischools.com\/privacy-policy\/","url":"https:\/\/efedischools.com\/privacy-policy\/","name":"Politica privacidad franc\u00e9s - EFEDI SCHOOLS","isPartOf":{"@id":"https:\/\/efedischools.com\/#website"},"datePublished":"2023-10-23T10:38:11+00:00","dateModified":"2023-10-24T08:58:39+00:00","breadcrumb":{"@id":"https:\/\/efedischools.com\/privacy-policy\/#breadcrumb"},"inLanguage":"fr-FR","potentialAction":[{"@type":"ReadAction","target":["https:\/\/efedischools.com\/privacy-policy\/"]}]},{"@type":"BreadcrumbList","@id":"https:\/\/efedischools.com\/privacy-policy\/#breadcrumb","itemListElement":[{"@type":"ListItem","position":1,"name":"Home","item":"https:\/\/efedischools.com\/"},{"@type":"ListItem","position":2,"name":"Politica privacidad franc\u00e9s"}]},{"@type":"WebSite","@id":"https:\/\/efedischools.com\/#website","url":"https:\/\/efedischools.com\/","name":"EFEDI SCHOOLS","description":"","publisher":{"@id":"https:\/\/efedischools.com\/#organization"},"potentialAction":[{"@type":"SearchAction","target":{"@type":"EntryPoint","urlTemplate":"https:\/\/efedischools.com\/?s={search_term_string}"},"query-input":{"@type":"PropertyValueSpecification","valueRequired":true,"valueName":"search_term_string"}}],"inLanguage":"fr-FR"},{"@type":"Organization","@id":"https:\/\/efedischools.com\/#organization","name":"EFEDI SCHOOLS","url":"https:\/\/efedischools.com\/","logo":{"@type":"ImageObject","inLanguage":"fr-FR","@id":"https:\/\/efedischools.com\/#\/schema\/logo\/image\/","url":"https:\/\/efedischools.com\/wp-content\/uploads\/2019\/08\/LOGO-EFEDI.png","contentUrl":"https:\/\/efedischools.com\/wp-content\/uploads\/2019\/08\/LOGO-EFEDI.png","width":559,"height":286,"caption":"EFEDI SCHOOLS"},"image":{"@id":"https:\/\/efedischools.com\/#\/schema\/logo\/image\/"}}]}},"_links":{"self":[{"href":"https:\/\/efedischools.com\/fr\/wp-json\/wp\/v2\/pages\/1496","targetHints":{"allow":["GET"]}}],"collection":[{"href":"https:\/\/efedischools.com\/fr\/wp-json\/wp\/v2\/pages"}],"about":[{"href":"https:\/\/efedischools.com\/fr\/wp-json\/wp\/v2\/types\/page"}],"author":[{"embeddable":true,"href":"https:\/\/efedischools.com\/fr\/wp-json\/wp\/v2\/users\/1"}],"replies":[{"embeddable":true,"href":"https:\/\/efedischools.com\/fr\/wp-json\/wp\/v2\/comments?post=1496"}],"version-history":[{"count":5,"href":"https:\/\/efedischools.com\/fr\/wp-json\/wp\/v2\/pages\/1496\/revisions"}],"predecessor-version":[{"id":1501,"href":"https:\/\/efedischools.com\/fr\/wp-json\/wp\/v2\/pages\/1496\/revisions\/1501"}],"wp:attachment":[{"href":"https:\/\/efedischools.com\/fr\/wp-json\/wp\/v2\/media?parent=1496"}],"curies":[{"name":"wp","href":"https:\/\/api.w.org\/{rel}","templated":true}]}}