{"id":1466,"date":"2023-10-23T10:44:40","date_gmt":"2023-10-23T10:44:40","guid":{"rendered":"https:\/\/efedischools.com\/?page_id=1466"},"modified":"2023-10-24T08:57:45","modified_gmt":"2023-10-24T08:57:45","slug":"cookies-fr","status":"publish","type":"page","link":"https:\/\/efedischools.com\/fr\/cookies-fr\/","title":{"rendered":"Cookies Franc\u00e9s"},"content":{"rendered":"\t\t<div data-elementor-type=\"wp-page\" data-elementor-id=\"1466\" class=\"elementor elementor-1466\" data-elementor-post-type=\"page\">\n\t\t\t\t\t\t<section class=\"elementor-section elementor-top-section elementor-element elementor-element-7aaf68f elementor-section-boxed elementor-section-height-default elementor-section-height-default\" data-id=\"7aaf68f\" data-element_type=\"section\" data-e-type=\"section\">\n\t\t\t\t\t\t<div class=\"elementor-container elementor-column-gap-default\">\n\t\t\t\t\t<div class=\"elementor-column elementor-col-100 elementor-top-column elementor-element elementor-element-3a24b42\" data-id=\"3a24b42\" data-element_type=\"column\" data-e-type=\"column\">\n\t\t\t<div class=\"elementor-widget-wrap elementor-element-populated\">\n\t\t\t\t\t\t<div class=\"elementor-element elementor-element-39b6431 elementor-widget elementor-widget-text-editor\" data-id=\"39b6431\" data-element_type=\"widget\" data-e-type=\"widget\" data-widget_type=\"text-editor.default\">\n\t\t\t\t<div class=\"elementor-widget-container\">\n\t\t\t\t\t\t\t\t\t<h2>Politique en mati\u00e8re de cookies pour EFEDI SCHOOLS<\/h2><p>Ceci est la politique de cookies de EFEDI SCHOOLS, accessible \u00e0 partir de http:\/\/efedischools.com\/.<\/p><p><strong>Qu&rsquo;est-ce qu&rsquo;un cookie ?<\/strong><\/p><p>Comme la plupart des sites professionnels, ce site utilise des cookies, qui sont de minuscules fichiers t\u00e9l\u00e9charg\u00e9s sur votre ordinateur, afin d&rsquo;am\u00e9liorer votre exp\u00e9rience. Cette page d\u00e9crit les informations qu&rsquo;ils recueillent, comment nous les utilisons et pourquoi nous avons parfois besoin de stocker ces cookies. Nous vous expliquons \u00e9galement comment vous pouvez emp\u00eacher ces cookies d&rsquo;\u00eatre stock\u00e9s, mais cela peut entra\u00eener une d\u00e9gradation ou une interruption de certains \u00e9l\u00e9ments de la fonctionnalit\u00e9 du site.<\/p><p><strong>Comment nous utilisons les cookies<\/strong><\/p><p>Nous utilisons des cookies pour diverses raisons d\u00e9taill\u00e9es ci-dessous. Malheureusement, dans la plupart des cas, il n&rsquo;existe pas d&rsquo;options standard pour d\u00e9sactiver les cookies sans d\u00e9sactiver compl\u00e8tement les fonctionnalit\u00e9s et les caract\u00e9ristiques qu&rsquo;ils ajoutent \u00e0 ce site. Il est recommand\u00e9 de laisser tous les cookies activ\u00e9s si vous n&rsquo;\u00eates pas s\u00fbr d&rsquo;en avoir besoin ou non, au cas o\u00f9 ils seraient utilis\u00e9s pour fournir un service que vous utilisez.<\/p><p><strong>D\u00e9sactivation des cookies<\/strong><\/p><p><br \/>Vous pouvez emp\u00eacher l&rsquo;installation de cookies en r\u00e9glant les param\u00e8tres de votre navigateur (voir l&rsquo;aide de votre navigateur pour savoir comment proc\u00e9der). Sachez que la d\u00e9sactivation des cookies affectera la fonctionnalit\u00e9 de ce site et de nombreux autres sites que vous visitez. La d\u00e9sactivation des cookies entra\u00eene g\u00e9n\u00e9ralement la d\u00e9sactivation de certaines fonctionnalit\u00e9s et caract\u00e9ristiques de ce site. Il est donc recommand\u00e9 de ne pas d\u00e9sactiver les cookies.<\/p><p>Cette politique en mati\u00e8re de cookies a \u00e9t\u00e9 cr\u00e9\u00e9e \u00e0 l&rsquo;aide du g\u00e9n\u00e9rateur de politique en mati\u00e8re de cookies.<\/p><p><br \/><strong>Les cookies que nous installons<\/strong><\/p><ul><li>\u00a0Cookies li\u00e9s aux bulletins d&rsquo;information \u00e9lectroniques<br \/>Ce site offre des services d&rsquo;abonnement \u00e0 des bulletins d&rsquo;information ou \u00e0 des courriels et des cookies peuvent \u00eatre utilis\u00e9s pour se souvenir si vous \u00eates d\u00e9j\u00e0 inscrit et pour afficher certaines notifications qui peuvent n&rsquo;\u00eatre valables que pour les utilisateurs inscrits ou d\u00e9sinscrits.<\/li><li>Cookies li\u00e9s aux formulaires<br \/>Lorsque vous soumettez des donn\u00e9es au moyen d&rsquo;un formulaire, comme ceux que l&rsquo;on trouve sur les pages de contact ou les formulaires de commentaires, des cookies peuvent \u00eatre install\u00e9s pour m\u00e9moriser vos coordonn\u00e9es d&rsquo;utilisateur en vue d&rsquo;une correspondance ult\u00e9rieure.<\/li><li>Cookies relatifs aux pr\u00e9f\u00e9rences du site<br \/>Afin de vous offrir une exp\u00e9rience agr\u00e9able sur ce site, nous vous offrons la possibilit\u00e9 de d\u00e9finir vos pr\u00e9f\u00e9rences quant au fonctionnement de ce site lorsque vous l&rsquo;utilisez. Pour m\u00e9moriser vos pr\u00e9f\u00e9rences, nous devons installer des cookies afin que ces informations puissent \u00eatre appel\u00e9es chaque fois que vous interagissez avec une page affect\u00e9e par vos pr\u00e9f\u00e9rences.<\/li><\/ul><p><strong>Cookies de tiers<\/strong><\/p><p><br \/>Dans certains cas particuliers, nous utilisons \u00e9galement des cookies fournis par des tiers de confiance. La section suivante d\u00e9taille les cookies de tiers que vous pouvez rencontrer sur ce site.<\/p><ul><li>Ce site utilise Google Analytics, l&rsquo;une des solutions d&rsquo;analyse les plus r\u00e9pandues et les plus fiables sur le web, pour nous aider \u00e0 comprendre comment vous utilisez le site et comment nous pouvons am\u00e9liorer votre exp\u00e9rience. Ces cookies peuvent suivre des \u00e9l\u00e9ments tels que le temps que vous passez sur le site et les pages que vous visitez afin que nous puissions continuer \u00e0 produire un contenu attrayant.<br \/>Pour plus d&rsquo;informations sur les cookies de Google Analytics, consultez la page officielle de Google Analytics.<\/li><li>De temps \u00e0 autre, nous testons de nouvelles fonctionnalit\u00e9s et apportons des changements subtils \u00e0 la mani\u00e8re dont le site est fourni. Lorsque nous testons de nouvelles fonctionnalit\u00e9s, ces cookies peuvent \u00eatre utilis\u00e9s pour garantir que vous b\u00e9n\u00e9ficiez d&rsquo;une exp\u00e9rience coh\u00e9rente sur le site, tout en nous permettant de comprendre quelles sont les optimisations les plus appr\u00e9ci\u00e9es par nos utilisateurs.<\/li><li>Nous utilisons \u00e9galement des boutons de m\u00e9dias sociaux et\/ou des plugins sur ce site qui vous permettent de vous connecter \u00e0 votre r\u00e9seau social de diff\u00e9rentes mani\u00e8res. Pour que ces boutons fonctionnent, les sites de m\u00e9dias sociaux suivants, y compris {Listez les r\u00e9seaux sociaux dont vous avez int\u00e9gr\u00e9 les fonctionnalit\u00e9s \u00e0 votre site?:12}, installeront des cookies via notre site qui peuvent \u00eatre utilis\u00e9s pour am\u00e9liorer votre profil sur leur site ou contribuer aux donn\u00e9es qu&rsquo;ils d\u00e9tiennent \u00e0 diverses fins d\u00e9crites dans leurs politiques de confidentialit\u00e9 respectives.<\/li><\/ul><p><strong>Plus d&rsquo;informations<\/strong><\/p><p><br \/>Nous esp\u00e9rons avoir clarifi\u00e9 les choses pour vous et, comme nous l&rsquo;avons mentionn\u00e9 pr\u00e9c\u00e9demment, si vous n&rsquo;\u00eates pas s\u00fbr d&rsquo;avoir besoin de quelque chose, il est g\u00e9n\u00e9ralement plus prudent de laisser les cookies activ\u00e9s au cas o\u00f9 ils interagiraient avec l&rsquo;une des fonctions que vous utilisez sur notre site.<br \/>Pour plus d&rsquo;informations g\u00e9n\u00e9rales sur les cookies, veuillez lire l&rsquo;article sur la politique en mati\u00e8re de cookies.<br \/>Toutefois, si vous souhaitez obtenir davantage d&rsquo;informations, vous pouvez nous contacter par l&rsquo;une de nos m\u00e9thodes de contact pr\u00e9f\u00e9r\u00e9es :<\/p><ul><li>Courriel : info@efedi.org<\/li><\/ul>\t\t\t\t\t\t\t\t<\/div>\n\t\t\t\t<\/div>\n\t\t\t\t\t<\/div>\n\t\t<\/div>\n\t\t\t\t\t<\/div>\n\t\t<\/section>\n\t\t\t\t<\/div>\n\t\t","protected":false},"excerpt":{"rendered":"<p>Politique en mati\u00e8re de cookies pour EFEDI SCHOOLS Ceci est la politique de cookies de EFEDI SCHOOLS, accessible \u00e0 partir de http:\/\/efedischools.com\/. Qu&rsquo;est-ce qu&rsquo;un cookie ? Comme la plupart des sites professionnels, ce site utilise des cookies, qui sont de minuscules fichiers t\u00e9l\u00e9charg\u00e9s sur votre ordinateur, afin d&rsquo;am\u00e9liorer votre exp\u00e9rience. Cette page d\u00e9crit les informations [&hellip;]<\/p>\n","protected":false},"author":1,"featured_media":0,"parent":0,"menu_order":0,"comment_status":"closed","ping_status":"closed","template":"","meta":{"footnotes":""},"class_list":["post-1466","page","type-page","status-publish","hentry"],"yoast_head":"<!-- This site is optimized with the Yoast SEO plugin v27.0 - https:\/\/yoast.com\/product\/yoast-seo-wordpress\/ -->\n<title>Cookies Franc\u00e9s - EFEDI SCHOOLS<\/title>\n<meta name=\"robots\" content=\"index, follow, max-snippet:-1, max-image-preview:large, max-video-preview:-1\" \/>\n<link rel=\"canonical\" href=\"https:\/\/efedischools.com\/cookies-policy\/\" \/>\n<meta property=\"og:locale\" content=\"fr_FR\" \/>\n<meta property=\"og:type\" content=\"article\" \/>\n<meta property=\"og:title\" content=\"Cookies Franc\u00e9s - EFEDI SCHOOLS\" \/>\n<meta property=\"og:description\" content=\"Politique en mati\u00e8re de cookies pour EFEDI SCHOOLS Ceci est la politique de cookies de EFEDI SCHOOLS, accessible \u00e0 partir de http:\/\/efedischools.com\/. Qu&rsquo;est-ce qu&rsquo;un cookie ? Comme la plupart des sites professionnels, ce site utilise des cookies, qui sont de minuscules fichiers t\u00e9l\u00e9charg\u00e9s sur votre ordinateur, afin d&rsquo;am\u00e9liorer votre exp\u00e9rience. Cette page d\u00e9crit les informations [&hellip;]\" \/>\n<meta property=\"og:url\" content=\"https:\/\/efedischools.com\/cookies-policy\/\" \/>\n<meta property=\"og:site_name\" content=\"EFEDI SCHOOLS\" \/>\n<meta property=\"article:modified_time\" content=\"2023-10-24T08:57:45+00:00\" \/>\n<meta name=\"twitter:card\" content=\"summary_large_image\" \/>\n<meta name=\"twitter:label1\" content=\"Dur\u00e9e de lecture estim\u00e9e\" \/>\n\t<meta name=\"twitter:data1\" content=\"4 minutes\" \/>\n<script type=\"application\/ld+json\" class=\"yoast-schema-graph\">{\"@context\":\"https:\/\/schema.org\",\"@graph\":[{\"@type\":\"WebPage\",\"@id\":\"https:\/\/efedischools.com\/cookies-policy\/\",\"url\":\"https:\/\/efedischools.com\/cookies-policy\/\",\"name\":\"Cookies Franc\u00e9s - EFEDI SCHOOLS\",\"isPartOf\":{\"@id\":\"https:\/\/efedischools.com\/#website\"},\"datePublished\":\"2023-10-23T10:44:40+00:00\",\"dateModified\":\"2023-10-24T08:57:45+00:00\",\"breadcrumb\":{\"@id\":\"https:\/\/efedischools.com\/cookies-policy\/#breadcrumb\"},\"inLanguage\":\"fr-FR\",\"potentialAction\":[{\"@type\":\"ReadAction\",\"target\":[\"https:\/\/efedischools.com\/cookies-policy\/\"]}]},{\"@type\":\"BreadcrumbList\",\"@id\":\"https:\/\/efedischools.com\/cookies-policy\/#breadcrumb\",\"itemListElement\":[{\"@type\":\"ListItem\",\"position\":1,\"name\":\"Home\",\"item\":\"https:\/\/efedischools.com\/\"},{\"@type\":\"ListItem\",\"position\":2,\"name\":\"Cookies Franc\u00e9s\"}]},{\"@type\":\"WebSite\",\"@id\":\"https:\/\/efedischools.com\/#website\",\"url\":\"https:\/\/efedischools.com\/\",\"name\":\"EFEDI SCHOOLS\",\"description\":\"\",\"publisher\":{\"@id\":\"https:\/\/efedischools.com\/#organization\"},\"potentialAction\":[{\"@type\":\"SearchAction\",\"target\":{\"@type\":\"EntryPoint\",\"urlTemplate\":\"https:\/\/efedischools.com\/?s={search_term_string}\"},\"query-input\":{\"@type\":\"PropertyValueSpecification\",\"valueRequired\":true,\"valueName\":\"search_term_string\"}}],\"inLanguage\":\"fr-FR\"},{\"@type\":\"Organization\",\"@id\":\"https:\/\/efedischools.com\/#organization\",\"name\":\"EFEDI SCHOOLS\",\"url\":\"https:\/\/efedischools.com\/\",\"logo\":{\"@type\":\"ImageObject\",\"inLanguage\":\"fr-FR\",\"@id\":\"https:\/\/efedischools.com\/#\/schema\/logo\/image\/\",\"url\":\"https:\/\/efedischools.com\/wp-content\/uploads\/2019\/08\/LOGO-EFEDI.png\",\"contentUrl\":\"https:\/\/efedischools.com\/wp-content\/uploads\/2019\/08\/LOGO-EFEDI.png\",\"width\":559,\"height\":286,\"caption\":\"EFEDI SCHOOLS\"},\"image\":{\"@id\":\"https:\/\/efedischools.com\/#\/schema\/logo\/image\/\"}}]}<\/script>\n<!-- \/ Yoast SEO plugin. -->","yoast_head_json":{"title":"Cookies Franc\u00e9s - EFEDI SCHOOLS","robots":{"index":"index","follow":"follow","max-snippet":"max-snippet:-1","max-image-preview":"max-image-preview:large","max-video-preview":"max-video-preview:-1"},"canonical":"https:\/\/efedischools.com\/cookies-policy\/","og_locale":"fr_FR","og_type":"article","og_title":"Cookies Franc\u00e9s - EFEDI SCHOOLS","og_description":"Politique en mati\u00e8re de cookies pour EFEDI SCHOOLS Ceci est la politique de cookies de EFEDI SCHOOLS, accessible \u00e0 partir de http:\/\/efedischools.com\/. Qu&rsquo;est-ce qu&rsquo;un cookie ? Comme la plupart des sites professionnels, ce site utilise des cookies, qui sont de minuscules fichiers t\u00e9l\u00e9charg\u00e9s sur votre ordinateur, afin d&rsquo;am\u00e9liorer votre exp\u00e9rience. Cette page d\u00e9crit les informations [&hellip;]","og_url":"https:\/\/efedischools.com\/cookies-policy\/","og_site_name":"EFEDI SCHOOLS","article_modified_time":"2023-10-24T08:57:45+00:00","twitter_card":"summary_large_image","twitter_misc":{"Dur\u00e9e de lecture estim\u00e9e":"4 minutes"},"schema":{"@context":"https:\/\/schema.org","@graph":[{"@type":"WebPage","@id":"https:\/\/efedischools.com\/cookies-policy\/","url":"https:\/\/efedischools.com\/cookies-policy\/","name":"Cookies Franc\u00e9s - EFEDI SCHOOLS","isPartOf":{"@id":"https:\/\/efedischools.com\/#website"},"datePublished":"2023-10-23T10:44:40+00:00","dateModified":"2023-10-24T08:57:45+00:00","breadcrumb":{"@id":"https:\/\/efedischools.com\/cookies-policy\/#breadcrumb"},"inLanguage":"fr-FR","potentialAction":[{"@type":"ReadAction","target":["https:\/\/efedischools.com\/cookies-policy\/"]}]},{"@type":"BreadcrumbList","@id":"https:\/\/efedischools.com\/cookies-policy\/#breadcrumb","itemListElement":[{"@type":"ListItem","position":1,"name":"Home","item":"https:\/\/efedischools.com\/"},{"@type":"ListItem","position":2,"name":"Cookies Franc\u00e9s"}]},{"@type":"WebSite","@id":"https:\/\/efedischools.com\/#website","url":"https:\/\/efedischools.com\/","name":"EFEDI SCHOOLS","description":"","publisher":{"@id":"https:\/\/efedischools.com\/#organization"},"potentialAction":[{"@type":"SearchAction","target":{"@type":"EntryPoint","urlTemplate":"https:\/\/efedischools.com\/?s={search_term_string}"},"query-input":{"@type":"PropertyValueSpecification","valueRequired":true,"valueName":"search_term_string"}}],"inLanguage":"fr-FR"},{"@type":"Organization","@id":"https:\/\/efedischools.com\/#organization","name":"EFEDI SCHOOLS","url":"https:\/\/efedischools.com\/","logo":{"@type":"ImageObject","inLanguage":"fr-FR","@id":"https:\/\/efedischools.com\/#\/schema\/logo\/image\/","url":"https:\/\/efedischools.com\/wp-content\/uploads\/2019\/08\/LOGO-EFEDI.png","contentUrl":"https:\/\/efedischools.com\/wp-content\/uploads\/2019\/08\/LOGO-EFEDI.png","width":559,"height":286,"caption":"EFEDI SCHOOLS"},"image":{"@id":"https:\/\/efedischools.com\/#\/schema\/logo\/image\/"}}]}},"_links":{"self":[{"href":"https:\/\/efedischools.com\/fr\/wp-json\/wp\/v2\/pages\/1466","targetHints":{"allow":["GET"]}}],"collection":[{"href":"https:\/\/efedischools.com\/fr\/wp-json\/wp\/v2\/pages"}],"about":[{"href":"https:\/\/efedischools.com\/fr\/wp-json\/wp\/v2\/types\/page"}],"author":[{"embeddable":true,"href":"https:\/\/efedischools.com\/fr\/wp-json\/wp\/v2\/users\/1"}],"replies":[{"embeddable":true,"href":"https:\/\/efedischools.com\/fr\/wp-json\/wp\/v2\/comments?post=1466"}],"version-history":[{"count":7,"href":"https:\/\/efedischools.com\/fr\/wp-json\/wp\/v2\/pages\/1466\/revisions"}],"predecessor-version":[{"id":1476,"href":"https:\/\/efedischools.com\/fr\/wp-json\/wp\/v2\/pages\/1466\/revisions\/1476"}],"wp:attachment":[{"href":"https:\/\/efedischools.com\/fr\/wp-json\/wp\/v2\/media?parent=1466"}],"curies":[{"name":"wp","href":"https:\/\/api.w.org\/{rel}","templated":true}]}}